{"id":15,"date":"2019-04-06T11:49:05","date_gmt":"2019-04-06T11:49:05","guid":{"rendered":"http:\/\/pahuru.cimalink.be\/?page_id=15"},"modified":"2019-04-06T12:06:00","modified_gmt":"2019-04-06T12:06:00","slug":"a-propos","status":"publish","type":"page","link":"https:\/\/pahurutattoo.be\/?page_id=15","title":{"rendered":"A Propos"},"content":{"rendered":"<h2 class=\"title\"><span class=\"in\">Le marquisien Pahuru a ouvert son salon de tatoo \u00e0 Neder-Over-heembeek<\/span><\/h2>\n<div class=\"article\">\n<div class=\"article-content\">\n<div class=\"RichTextElement\">\n<p>Le tatoueur marquisien Pahuru, qui \u00e9tait\u00a0<em>on the road<\/em>\u00a0depuis quelques temps, a d\u00e9cid\u00e9 de se poser en Belgique. Apr\u00e8s un passage au studio Perle Noire de Bruxelles. Il a ouvert son propre salon de tatouage \u00e0 Neder-over-heembeek.<\/p>\n<p><img decoding=\"async\" class=\"first narrow left graphic-container\" src=\"https:\/\/tatauawards.com\/_Media\/pahuru-01a_med_hr.jpeg\" alt=\"Pahuru-01a\" \/>Le tatouage polyn\u00e9sien semble avoir le vent en poupe en Belgique.<\/p>\n<p><strong>Est-ce qu\u2019il y a beaucoup de studios qui proposent des tatouages polyn\u00e9siens en Belgique ?<\/strong><\/p>\n<p>En Belgique il y en a peu, hormis quelques studios tels que \u00ab\u00a0Calypso\u00a0\u00bb \u00e0 Li\u00e8ge (Dan Di Mattia), \u00ab\u00a0Beautiful Freak\u00a0\u00bb sur la c\u00f4te Tattoo ou encore \u00ab\u00a0BodyDesign\u00a0\u00bb du c\u00f4t\u00e9 de Gand qui abordent le polyn\u00e9sien dans l&rsquo;esprit de la tradition (freehand, pi\u00e8ces uniques et symboliques) le r\u00e9sultat est une \u00e9norme demande.<br \/>\nBref face \u00e0 cette grosse demande, Pahuru a d\u00e9cid\u00e9 d&rsquo;ouvrir son propre studio sp\u00e9cialis\u00e9 polyn\u00e9sien. Il r\u00e9alise essentiellement des pi\u00e8ces d&rsquo;inspiration marquisiennes mais de temps \u00e0 autres d&rsquo;autres styles du Pacifique.<\/p>\n<p><strong>D\u2019o\u00f9 viennent vos clients ?<\/strong><\/p>\n<div class=\"not-first-item callout-container\">\n<div class=\"callout\">\n<div class=\"callout-content\">\n<div class=\"pagelet untitled i1 o last-item\">\n<div class=\"pagelet-body\">\n<div class=\"ImageElement\"><\/div>\n<\/div>\n<\/div>\n<\/div>\n<\/div>\n<\/div>\n<p>Nos clients viennent de toute la Belgique, du Luxembourg, du Nord de la France, de Hollande et et d\u2019Allemagne principalement.<\/p>\n<p><strong>Plus d&rsquo;informations \u00e0 propos de Pahuru ?<\/strong><\/p>\n<p>Pahuru est un marquisien n\u00e9 \u00e0 Tahiti en 82. Il a grandi aux Marquises sur l&rsquo;\u00eele de Ua Pou, dans le village de Haa Kuti. Toute sa famille est orient\u00e9e sur la culture marquisienne, patutiki (tatouage en marquisien), danse, sculpture.<br \/>\nSa maman par exemple \u00e9tait la pr\u00e9sidente du groupe de danse appel\u00e9 \u00e0 l&rsquo;\u00e9poque Nukua Haka, appel\u00e9 maintenant Taki Toa.<br \/>\nCot\u00e9 tatouage, la grand-m\u00e8re de Pahuru est issue de la grande famille des Huuti. Ses cousins sont donc, entre autres Sim\u00e9on et Efra\u00efma. Une famille dans laquelle quasiment tous ses fr\u00e8res et cousins sont tatoueurs. Son premier tattoo a d&rsquo;ailleurs \u00e9t\u00e9 r\u00e9alis\u00e9 par Manea Huuti et c&rsquo;est en tra\u00eenant avec ses oncles qu\u2019il a appris les secrets du patutiki.<\/p>\n<p>&nbsp;<\/p>\n<\/div>\n<\/div>\n<\/div>\n","protected":false},"excerpt":{"rendered":"<p>Le marquisien Pahuru a ouvert son salon de tatoo \u00e0 Neder-Over-heembeek Le tatoueur marquisien Pahuru, qui \u00e9tait\u00a0on the road\u00a0depuis quelques temps, a d\u00e9cid\u00e9 de se poser en Belgique. Apr\u00e8s un passage au studio Perle Noire de Bruxelles. Il a ouvert&#8230; <a href=\"https:\/\/pahurutattoo.be\/?page_id=15\" class=\"read-more\">Read More<\/a><\/p>\n","protected":false},"author":1,"featured_media":0,"parent":0,"menu_order":0,"comment_status":"closed","ping_status":"closed","template":"","meta":{"ngg_post_thumbnail":0,"footnotes":""},"class_list":["post-15","page","type-page","status-publish","hentry"],"_links":{"self":[{"href":"https:\/\/pahurutattoo.be\/index.php?rest_route=\/wp\/v2\/pages\/15","targetHints":{"allow":["GET"]}}],"collection":[{"href":"https:\/\/pahurutattoo.be\/index.php?rest_route=\/wp\/v2\/pages"}],"about":[{"href":"https:\/\/pahurutattoo.be\/index.php?rest_route=\/wp\/v2\/types\/page"}],"author":[{"embeddable":true,"href":"https:\/\/pahurutattoo.be\/index.php?rest_route=\/wp\/v2\/users\/1"}],"replies":[{"embeddable":true,"href":"https:\/\/pahurutattoo.be\/index.php?rest_route=%2Fwp%2Fv2%2Fcomments&post=15"}],"version-history":[{"count":2,"href":"https:\/\/pahurutattoo.be\/index.php?rest_route=\/wp\/v2\/pages\/15\/revisions"}],"predecessor-version":[{"id":81,"href":"https:\/\/pahurutattoo.be\/index.php?rest_route=\/wp\/v2\/pages\/15\/revisions\/81"}],"wp:attachment":[{"href":"https:\/\/pahurutattoo.be\/index.php?rest_route=%2Fwp%2Fv2%2Fmedia&parent=15"}],"curies":[{"name":"wp","href":"https:\/\/api.w.org\/{rel}","templated":true}]}}