{"id":467,"date":"2019-04-10T14:58:27","date_gmt":"2019-04-10T14:58:27","guid":{"rendered":"http:\/\/pahuru.cimalink.be\/?page_id=467"},"modified":"2019-04-10T14:58:28","modified_gmt":"2019-04-10T14:58:28","slug":"histoire-du-tatouage","status":"publish","type":"page","link":"https:\/\/pahurutattoo.be\/?page_id=467","title":{"rendered":"Histoire du tatouage"},"content":{"rendered":"\n<p>Un&nbsp;<strong>tatouage<\/strong>&nbsp;est un dessin d\u00e9coratif et\/ou symbolique permanent effectu\u00e9 sur la&nbsp;<a href=\"https:\/\/fr.wikipedia.org\/wiki\/Peau\">peau<\/a>. Auparavant, il \u00e9tait le plus souvent effectu\u00e9 avec de l&rsquo;<a href=\"https:\/\/fr.wikipedia.org\/wiki\/Encre_de_Chine\">encre de Chine<\/a>&nbsp;ou des encres \u00e0 base de charbon ou de suif. De nos jours il s&rsquo;agit plus d&rsquo;encres contenant des pigments industriels. Il existe diff\u00e9rentes couleurs d&rsquo;encre et m\u00eame une encre transparente qui ne r\u00e9agit qu&rsquo;\u00e0 la&nbsp;<a href=\"https:\/\/fr.wikipedia.org\/wiki\/Lumi%C3%A8re_noire\">lumi\u00e8re noire<\/a>&nbsp;: ce type de tatouage est appel\u00e9&nbsp;<a href=\"https:\/\/fr.wikipedia.org\/wiki\/Tatouage_UV\">tatouage \u00ab UV \u00bb<\/a>&nbsp;ou \u00ab&nbsp;<em>Blacklight<\/em>&nbsp;\u00bb<sup><a href=\"https:\/\/fr.wikipedia.org\/wiki\/Tatouage#cite_note-blacklight-1\">1<\/a><\/sup>. Le tatouage est consid\u00e9r\u00e9 comme un type de&nbsp;<a href=\"https:\/\/fr.wikipedia.org\/wiki\/Modification_corporelle\">modification corporelle<\/a>&nbsp;permanente.<\/p>\n\n\n\n<p>La technique du tatouage consiste \u00e0 injecter l&rsquo;encre sous la peau \u00e0 l&rsquo;aide d&rsquo;aiguilles ou d&rsquo;objets pointus. L&rsquo;encre est d\u00e9pos\u00e9e sous la peau entre le&nbsp;<a href=\"https:\/\/fr.wikipedia.org\/wiki\/Derme\">derme<\/a>&nbsp;et l&rsquo;<a href=\"https:\/\/fr.wikipedia.org\/wiki\/%C3%89piderme_(anatomie)\">\u00e9piderme<\/a>. La profondeur de la piq\u00fbre varie de 1 \u00e0 4&nbsp;<abbr title=\"millim\u00e8tre\">mm<\/abbr>&nbsp;en fonction des types de peau et des parties du corps, les zones les plus \u00e9paisses se situant dans le dos, les coudes et les genoux.<\/p>\n\n\n\n<p>Le tatouage est pratiqu\u00e9 depuis plusieurs milliers d&rsquo;ann\u00e9es dans le monde entier. Il peut \u00eatre r\u00e9alis\u00e9 pour des raisons symboliques, religieuses ou esth\u00e9tiques. Dans plusieurs&nbsp;<a href=\"https:\/\/fr.wikipedia.org\/wiki\/Civilisation\">civilisations<\/a>, il est m\u00eame consid\u00e9r\u00e9 comme un&nbsp;<a href=\"https:\/\/fr.wikipedia.org\/wiki\/Rite_de_passage\">rite de passage<\/a>&nbsp;\u00e0 cause de la douleur endur\u00e9e lors de la r\u00e9alisation du motif.<\/p>\n\n\n\n<p>C&rsquo;\u00e9tait aussi un mode de marquage utilis\u00e9 pour l&rsquo;identification des esclaves, des prisonniers ou des\u00a0<a href=\"https:\/\/fr.wikipedia.org\/wiki\/Carnivore_domestique\">animaux domestiques<\/a>.<\/p>\n\n\n\n<h2 class=\"wp-block-heading\">\u00c9tymologie<\/h2>\n\n\n\n<p>Le mot vient du&nbsp;<a href=\"https:\/\/fr.wikipedia.org\/wiki\/Tahitien\">tahitien<\/a>&nbsp;<em>tatau<\/em>, qui signifie&nbsp;<em>marquer<\/em>,&nbsp;<em>dessiner<\/em>&nbsp;ou&nbsp;<em>frapper<\/em>&nbsp;et d\u00e9rive de l&rsquo;expression \u00ab&nbsp;Ta-atouas&nbsp;\u00bb. La racine du mot,&nbsp;<em>ta<\/em>&nbsp;signifie \u00ab&nbsp;dessin&nbsp;\u00bb et&nbsp;<em>atua<\/em>&nbsp;signifie \u00ab&nbsp;esprit, dieu&nbsp;\u00bb. Le docteur Berchon, traducteur du&nbsp;<a href=\"https:\/\/fr.wikipedia.org\/wiki\/Deuxi%C3%A8me_voyage_de_Cook\">deuxi\u00e8me voyage de Cook<\/a>&nbsp;vers Tahiti en 1772, employa pour la premi\u00e8re fois le mot&nbsp;<em>tattoo<\/em>&nbsp;; le mot sera francis\u00e9 en \u00ab&nbsp;tatouage\u00bb \u00e0 la fin des ann\u00e9es 1700. Il est d&rsquo;abord introduit dans le&nbsp;<em><a href=\"https:\/\/fr.wikipedia.org\/wiki\/Dictionnaire_de_l%27Acad%C3%A9mie_fran%C3%A7aise\">Dictionnaire de l&rsquo;Acad\u00e9mie fran\u00e7aise<\/a><\/em>&nbsp;en 1798<sup><a href=\"https:\/\/fr.wikipedia.org\/wiki\/Tatouage#cite_note-2\">2<\/a><\/sup>, puis dans la premi\u00e8re \u00e9dition du&nbsp;<a href=\"https:\/\/fr.wikipedia.org\/wiki\/Dictionnaire_de_la_langue_fran%C3%A7aise_(Littr%C3%A9)\">dictionnaire de Littr\u00e9<\/a>&nbsp;en 1863<sup><a href=\"https:\/\/fr.wikipedia.org\/wiki\/Tatouage#cite_note-3\">3<\/a><\/sup>. Dans sa prononciation, ce mot est commun \u00e0 la plupart des langues polyn\u00e9siennes (le&nbsp;<a href=\"https:\/\/fr.wikipedia.org\/wiki\/Tahitien\">tahitien<\/a>, le&nbsp;<a href=\"https:\/\/fr.wikipedia.org\/wiki\/Samoan\">samoan<\/a>, le&nbsp;<a href=\"https:\/\/fr.wikipedia.org\/wiki\/Tongien\">tongien<\/a>, le&nbsp;<a href=\"https:\/\/fr.wikipedia.org\/wiki\/Maori_de_Nouvelle-Z%C3%A9lande\">maori de Nouvelle-Z\u00e9lande<\/a>&nbsp;et l&rsquo;<a href=\"https:\/\/fr.wikipedia.org\/wiki\/Hawa%C3%AFen\">hawa\u00efen<\/a>).<\/p>\n\n\n\n<p>Au Japon, le tatouage traditionnel pratiqu\u00e9 \u00e0 la main est appel\u00e9&nbsp;<em><a href=\"https:\/\/fr.wikipedia.org\/wiki\/Irezumi\">irezumi<\/a><\/em>&nbsp;(\u5165\u308c\u58a8 ou \u5165\u58a8,&nbsp;<em>irezumi<\/em><strong><sup><a href=\"https:\/\/fr.wikipedia.org\/wiki\/Aide:Japonais\">?<\/a><\/sup><\/strong>,&nbsp;litt\u00e9ralement \u00ab&nbsp;insertion d&rsquo;encre&nbsp;\u00bb), le terme plus g\u00e9n\u00e9ral pour d\u00e9signer le tatouage est&nbsp;<em>horimono<\/em>&nbsp;(\u5f6b\u308a\u7269 ou \u5f6b\u7269,&nbsp;<em>horimono<\/em><strong><sup><a href=\"https:\/\/fr.wikipedia.org\/wiki\/Aide:Japonais\">?<\/a><\/sup><\/strong>,&nbsp;litt\u00e9ralement \u00ab&nbsp;sculpture&nbsp;\u00bb).<\/p>\n\n\n\n<p>Pour les Maoris, le tatouage avait pour fonction de diff\u00e9rencier les individus selon leurs rang social.<\/p>\n","protected":false},"excerpt":{"rendered":"<p>Un&nbsp;tatouage&nbsp;est un dessin d\u00e9coratif et\/ou symbolique permanent effectu\u00e9 sur la&nbsp;peau. Auparavant, il \u00e9tait le plus souvent effectu\u00e9 avec de l&rsquo;encre de Chine&nbsp;ou des encres \u00e0 base de charbon ou de suif. De nos jours il s&rsquo;agit plus d&rsquo;encres contenant des&#8230; <a href=\"https:\/\/pahurutattoo.be\/?page_id=467\" class=\"read-more\">Read More<\/a><\/p>\n","protected":false},"author":1,"featured_media":0,"parent":0,"menu_order":0,"comment_status":"closed","ping_status":"closed","template":"","meta":{"ngg_post_thumbnail":0,"footnotes":""},"class_list":["post-467","page","type-page","status-publish","hentry"],"_links":{"self":[{"href":"https:\/\/pahurutattoo.be\/index.php?rest_route=\/wp\/v2\/pages\/467","targetHints":{"allow":["GET"]}}],"collection":[{"href":"https:\/\/pahurutattoo.be\/index.php?rest_route=\/wp\/v2\/pages"}],"about":[{"href":"https:\/\/pahurutattoo.be\/index.php?rest_route=\/wp\/v2\/types\/page"}],"author":[{"embeddable":true,"href":"https:\/\/pahurutattoo.be\/index.php?rest_route=\/wp\/v2\/users\/1"}],"replies":[{"embeddable":true,"href":"https:\/\/pahurutattoo.be\/index.php?rest_route=%2Fwp%2Fv2%2Fcomments&post=467"}],"version-history":[{"count":1,"href":"https:\/\/pahurutattoo.be\/index.php?rest_route=\/wp\/v2\/pages\/467\/revisions"}],"predecessor-version":[{"id":468,"href":"https:\/\/pahurutattoo.be\/index.php?rest_route=\/wp\/v2\/pages\/467\/revisions\/468"}],"wp:attachment":[{"href":"https:\/\/pahurutattoo.be\/index.php?rest_route=%2Fwp%2Fv2%2Fmedia&parent=467"}],"curies":[{"name":"wp","href":"https:\/\/api.w.org\/{rel}","templated":true}]}}